{"id":1163,"date":"2026-01-04T21:15:28","date_gmt":"2026-01-04T18:15:28","guid":{"rendered":"https:\/\/pomega.teknomatsoftware.com\/hakkimizda\/"},"modified":"2026-03-09T11:41:07","modified_gmt":"2026-03-09T08:41:07","slug":"about-us","status":"publish","type":"page","link":"https:\/\/pomega.teknomatsoftware.com\/en\/about-us\/","title":{"rendered":"About Us"},"content":{"rendered":"<h1>Hakk\u0131m\u0131zda<\/h1>\n<p><strong>Pomega Enerji Depolama Teknolojileri: T\u00fcrkiye\u2019nin \u00d6nc\u00fc Enerji Depolama \u015eirketi<\/strong><\/p>\n<p>\u00d6nc\u00fc bir enerji depolama \u00fcreticisi olarak <strong>Pomega, T\u00fcrkiye\u2019deki Lityum Demir Fosfat (LFP) pil h\u00fccresi Gigafabrikas\u0131 <\/strong>ile k\u00fcresel enerji sekt\u00f6r\u00fcn\u00fc yeniden \u015fekillendirmektedir. 100.000 metrekare alana yay\u0131lan bu son teknoloji tesis, Pomega\u2019n\u0131n inovasyon, teknolojik geli\u015fim ve s\u00fcrd\u00fcr\u00fclebilirli\u011fe olan kararl\u0131l\u0131\u011f\u0131n\u0131n somut bir g\u00f6stergesidir.<\/p>\n<p>Enerji ba\u011f\u0131ms\u0131zl\u0131\u011f\u0131 ve g\u00fcvenilirli\u011finin kritik hale geldi\u011fi g\u00fcn\u00fcm\u00fczde Pomega, Asya d\u0131\u015f\u0131ndaki say\u0131l\u0131 pil \u00fcreticilerinden biri olarak Avrupa merkezli g\u00fc\u00e7l\u00fc bir alternatif sunmaktad\u0131r. Kalite, g\u00fcvenlik ve y\u00fcksek performans konusundaki taahh\u00fcd\u00fcyle Pomega, i\u015fletmelerin ve bireylerin k\u00fcresel standartlara uygun, dayan\u0131kl\u0131 ve g\u00fcvenilir batarya teknolojisine eri\u015fimini sa\u011flamaktad\u0131r.<\/p>\n<p><strong>\u0130leri \u00dcretim Teknolojisi ve Sekt\u00f6r Liderli\u011fi<\/strong><\/p>\n<p>2023 y\u0131l\u0131nda devreye al\u0131nan <strong>Pomega Gigafabrikas\u0131\u2019n\u0131n y\u0131ll\u0131k 3 GWh \u00fcretim kapasitesi bulunmaktad\u0131r.<\/strong> Uzun vadede bu kapasitenin 6 GWh\u2019ye \u00e7\u0131kar\u0131lmas\u0131 hedeflenmektedir. Bu b\u00fcy\u00fcme, Pomega\u2019n\u0131n enerji g\u00fcvenli\u011fini art\u0131rma, d\u0131\u015fa ba\u011f\u0131ml\u0131l\u0131\u011f\u0131 azaltma ve Avrupa\u2019n\u0131n k\u00fcresel enerji d\u00f6n\u00fc\u015f\u00fcm\u00fcndeki rol\u00fcn\u00fc g\u00fc\u00e7lendirme konusundaki kararl\u0131l\u0131\u011f\u0131n\u0131 ortaya koymaktad\u0131r.<\/p>\n<p>Avrupa ve \u00c7in aras\u0131ndaki ilk ve tek \u00f6zel sekt\u00f6r taraf\u0131ndan kurulan lityum iyon pil h\u00fccresi fabrikas\u0131 olarak Pomega, sekt\u00f6rde yeni standartlar belirlemekte ve enerji depolama \u00e7\u00f6z\u00fcmlerinde \u00f6nc\u00fcl\u00fck etmektedir.<\/p>\n<p><strong>S\u00fcrd\u00fcr\u00fclebilirlik ve Ak\u0131ll\u0131 Enerji Y\u00f6netimi Yakla\u015f\u0131m\u0131<\/strong><\/p>\n<p>End\u00fcstriyel tesislerden konut uygulamalar\u0131na kadar geni\u015f bir yelpazede, yenilenebilir enerji kaynaklar\u0131yla entegre edilebilen u\u00e7tan uca enerji depolama \u00e7\u00f6z\u00fcmleri sunar. Telekom\u00fcnikasyon, mobilite, denizcilik gibi bir\u00e7ok sekt\u00f6re y\u00f6nelik \u00e7\u00f6z\u00fcmler; verimlilik, g\u00fcvenilirlik ve s\u00fcrd\u00fcr\u00fclebilirlik ilkeleriyle tasarlanm\u0131\u015ft\u0131r..<\/p>\n<p>Pomega\u2019n\u0131n kendi m\u00fchendisleri taraf\u0131ndan geli\u015ftirilen enerji y\u00f6netim sistemleri (EMS) ve batarya y\u00f6netim sistemleri (BMS), ak\u0131ll\u0131 enerji kullan\u0131m\u0131 i\u00e7in \u00f6zel olarak tasarlanm\u0131\u015ft\u0131r. Bu yaz\u0131l\u0131mlar, batarya durumunu s\u00fcrekli izleyerek enerji verimlili\u011fini art\u0131r\u0131r, uzun vadeli maliyet avantaj\u0131 sa\u011flar ve m\u00fc\u015fterilere tam kontrol sunar..<\/p>\n","protected":false},"excerpt":{"rendered":"<p>Hakk\u0131m\u0131zda Pomega Enerji Depolama Teknolojileri: T\u00fcrkiye\u2019nin \u00d6nc\u00fc Enerji Depolama \u015eirketi \u00d6nc\u00fc bir enerji depolama \u00fcreticisi olarak Pomega, T\u00fcrkiye\u2019deki Lityum Demir Fosfat (LFP) pil h\u00fccresi Gigafabrikas\u0131 ile k\u00fcresel enerji sekt\u00f6r\u00fcn\u00fc yeniden \u015fekillendirmektedir. 100.000 metrekare alana yay\u0131lan bu son teknoloji tesis, Pomega\u2019n\u0131n inovasyon, teknolojik geli\u015fim ve s\u00fcrd\u00fcr\u00fclebilirli\u011fe olan kararl\u0131l\u0131\u011f\u0131n\u0131n somut bir g\u00f6stergesidir. Enerji ba\u011f\u0131ms\u0131zl\u0131\u011f\u0131 ve g\u00fcvenilirli\u011finin kritik [&hellip;]<\/p>\n","protected":false},"author":1,"featured_media":0,"parent":0,"menu_order":0,"comment_status":"closed","ping_status":"closed","template":"page-kurumsal.php","meta":{"_acf_changed":false,"footnotes":""},"class_list":["post-1163","page","type-page","status-publish","hentry"],"acf":[],"_links":{"self":[{"href":"https:\/\/pomega.teknomatsoftware.com\/en\/wp-json\/wp\/v2\/pages\/1163","targetHints":{"allow":["GET"]}}],"collection":[{"href":"https:\/\/pomega.teknomatsoftware.com\/en\/wp-json\/wp\/v2\/pages"}],"about":[{"href":"https:\/\/pomega.teknomatsoftware.com\/en\/wp-json\/wp\/v2\/types\/page"}],"author":[{"embeddable":true,"href":"https:\/\/pomega.teknomatsoftware.com\/en\/wp-json\/wp\/v2\/users\/1"}],"replies":[{"embeddable":true,"href":"https:\/\/pomega.teknomatsoftware.com\/en\/wp-json\/wp\/v2\/comments?post=1163"}],"version-history":[{"count":12,"href":"https:\/\/pomega.teknomatsoftware.com\/en\/wp-json\/wp\/v2\/pages\/1163\/revisions"}],"predecessor-version":[{"id":2411,"href":"https:\/\/pomega.teknomatsoftware.com\/en\/wp-json\/wp\/v2\/pages\/1163\/revisions\/2411"}],"wp:attachment":[{"href":"https:\/\/pomega.teknomatsoftware.com\/en\/wp-json\/wp\/v2\/media?parent=1163"}],"curies":[{"name":"wp","href":"https:\/\/api.w.org\/{rel}","templated":true}]}}